{"id":46,"date":"2026-03-23T12:32:38","date_gmt":"2026-03-23T12:32:38","guid":{"rendered":"https:\/\/axencetalents.com\/?page_id=46"},"modified":"2026-03-23T12:52:53","modified_gmt":"2026-03-23T12:52:53","slug":"a-propos","status":"publish","type":"page","link":"https:\/\/axencetalents.com\/?page_id=46","title":{"rendered":"\u00c0 propos"},"content":{"rendered":"\t\t<div data-elementor-type=\"wp-page\" data-elementor-id=\"46\" class=\"elementor elementor-46\">\n\t\t\t\t<div class=\"elementor-element elementor-element-140df5ae e-flex e-con-boxed e-con e-parent\" data-id=\"140df5ae\" data-element_type=\"container\" data-e-type=\"container\">\n\t\t\t\t\t<div class=\"e-con-inner\">\n\t\t\t\t<div class=\"elementor-element elementor-element-1f3cd287 elementor-widget elementor-widget-heading\" data-id=\"1f3cd287\" data-element_type=\"widget\" data-e-type=\"widget\" data-widget_type=\"heading.default\">\n\t\t\t\t\t<h2 class=\"elementor-heading-title elementor-size-default\">Page en cours de construction<\/h2>\t\t\t\t<\/div>\n\t\t\t\t<div class=\"elementor-element elementor-element-2f8d0348 elementor-widget elementor-widget-text-editor\" data-id=\"2f8d0348\" data-element_type=\"widget\" data-e-type=\"widget\" data-widget_type=\"text-editor.default\">\n\t\t\t\t\t\t\t\t\t<p>Cette page sera prochainement disponible.<br data-start=\"532\" data-end=\"535\" \/>Vous pouvez d\u00e8s maintenant r\u00e9server un premier \u00e9change.<\/p>\t\t\t\t\t\t\t\t<\/div>\n\t\t\t\t<div class=\"elementor-element elementor-element-8a75e78 elementor-align-center elementor-widget elementor-widget-button\" data-id=\"8a75e78\" data-element_type=\"widget\" data-e-type=\"widget\" data-widget_type=\"button.default\">\n\t\t\t\t\t\t\t\t\t\t<a class=\"elementor-button elementor-button-link elementor-size-sm\" href=\"https:\/\/zcal.co\/aurelie-berruepouyet\">\n\t\t\t\t\t\t<span class=\"elementor-button-content-wrapper\">\n\t\t\t\t\t\t\t\t\t<span class=\"elementor-button-text\">Prendre rendez-vous<\/span>\n\t\t\t\t\t<\/span>\n\t\t\t\t\t<\/a>\n\t\t\t\t\t\t\t\t<\/div>\n\t\t\t\t\t<\/div>\n\t\t\t\t<\/div>\n\t\t\t\t<\/div>\n\t\t","protected":false},"excerpt":{"rendered":"<p>Page en cours de construction Cette page sera prochainement disponible.Vous pouvez d\u00e8s maintenant r\u00e9server un premier \u00e9change. Prendre rendez-vous<\/p>\n","protected":false},"author":1,"featured_media":0,"parent":0,"menu_order":0,"comment_status":"closed","ping_status":"closed","template":"","meta":{"neve_meta_sidebar":"","neve_meta_container":"","neve_meta_enable_content_width":"","neve_meta_content_width":0,"neve_meta_title_alignment":"","neve_meta_author_avatar":"","neve_post_elements_order":"","neve_meta_disable_header":"","neve_meta_disable_footer":"","neve_meta_disable_title":"","footnotes":""},"class_list":["post-46","page","type-page","status-publish","hentry"],"yoast_head":"<!-- This site is optimized with the Yoast SEO plugin v27.2 - https:\/\/yoast.com\/product\/yoast-seo-wordpress\/ -->\n<title>\u00c0 propos - Axence Talents<\/title>\n<meta name=\"robots\" content=\"index, follow, max-snippet:-1, max-image-preview:large, max-video-preview:-1\" \/>\n<link rel=\"canonical\" href=\"http:\/\/axencetalents.com\/?page_id=46\" \/>\n<meta property=\"og:locale\" content=\"fr_FR\" \/>\n<meta property=\"og:type\" content=\"article\" \/>\n<meta property=\"og:title\" content=\"\u00c0 propos - Axence Talents\" \/>\n<meta property=\"og:description\" content=\"Page en cours de construction Cette page sera prochainement disponible.Vous pouvez d\u00e8s maintenant r\u00e9server un premier \u00e9change. Prendre rendez-vous\" \/>\n<meta property=\"og:url\" content=\"http:\/\/axencetalents.com\/?page_id=46\" \/>\n<meta property=\"og:site_name\" content=\"Axence Talents\" \/>\n<meta property=\"article:modified_time\" content=\"2026-03-23T12:52:53+00:00\" \/>\n<meta name=\"twitter:card\" content=\"summary_large_image\" \/>\n<meta name=\"twitter:label1\" content=\"Dur\u00e9e de lecture estim\u00e9e\" \/>\n\t<meta name=\"twitter:data1\" content=\"1 minute\" \/>\n<script type=\"application\/ld+json\" class=\"yoast-schema-graph\">{\"@context\":\"https:\/\/schema.org\",\"@graph\":[{\"@type\":\"WebPage\",\"@id\":\"http:\/\/axencetalents.com\/?page_id=46\",\"url\":\"http:\/\/axencetalents.com\/?page_id=46\",\"name\":\"\u00c0 propos - Axence Talents\",\"isPartOf\":{\"@id\":\"https:\/\/axencetalents.com\/#website\"},\"datePublished\":\"2026-03-23T12:32:38+00:00\",\"dateModified\":\"2026-03-23T12:52:53+00:00\",\"breadcrumb\":{\"@id\":\"http:\/\/axencetalents.com\/?page_id=46#breadcrumb\"},\"inLanguage\":\"fr-FR\",\"potentialAction\":[{\"@type\":\"ReadAction\",\"target\":[\"http:\/\/axencetalents.com\/?page_id=46\"]}]},{\"@type\":\"BreadcrumbList\",\"@id\":\"http:\/\/axencetalents.com\/?page_id=46#breadcrumb\",\"itemListElement\":[{\"@type\":\"ListItem\",\"position\":1,\"name\":\"Accueil\",\"item\":\"https:\/\/axencetalents.com\/\"},{\"@type\":\"ListItem\",\"position\":2,\"name\":\"\u00c0 propos\"}]},{\"@type\":\"WebSite\",\"@id\":\"https:\/\/axencetalents.com\/#website\",\"url\":\"https:\/\/axencetalents.com\/\",\"name\":\"Axence Talents\",\"description\":\"Recrutement et bilan de comp\u00e9tences \u00e0 Nantes, Le Loroux bottereau et \u00e0 distanciel\",\"publisher\":{\"@id\":\"https:\/\/axencetalents.com\/#organization\"},\"potentialAction\":[{\"@type\":\"SearchAction\",\"target\":{\"@type\":\"EntryPoint\",\"urlTemplate\":\"https:\/\/axencetalents.com\/?s={search_term_string}\"},\"query-input\":{\"@type\":\"PropertyValueSpecification\",\"valueRequired\":true,\"valueName\":\"search_term_string\"}}],\"inLanguage\":\"fr-FR\"},{\"@type\":\"Organization\",\"@id\":\"https:\/\/axencetalents.com\/#organization\",\"name\":\"Axence Talents\",\"url\":\"https:\/\/axencetalents.com\/\",\"logo\":{\"@type\":\"ImageObject\",\"inLanguage\":\"fr-FR\",\"@id\":\"https:\/\/axencetalents.com\/#\/schema\/logo\/image\/\",\"url\":\"https:\/\/axencetalents.com\/wp-content\/uploads\/2026\/03\/cropped-Logo-miniature-Axence-Talents-fonds-blanc.png\",\"contentUrl\":\"https:\/\/axencetalents.com\/wp-content\/uploads\/2026\/03\/cropped-Logo-miniature-Axence-Talents-fonds-blanc.png\",\"width\":512,\"height\":512,\"caption\":\"Axence Talents\"},\"image\":{\"@id\":\"https:\/\/axencetalents.com\/#\/schema\/logo\/image\/\"}}]}<\/script>\n<!-- \/ Yoast SEO plugin. -->","yoast_head_json":{"title":"\u00c0 propos - Axence Talents","robots":{"index":"index","follow":"follow","max-snippet":"max-snippet:-1","max-image-preview":"max-image-preview:large","max-video-preview":"max-video-preview:-1"},"canonical":"http:\/\/axencetalents.com\/?page_id=46","og_locale":"fr_FR","og_type":"article","og_title":"\u00c0 propos - Axence Talents","og_description":"Page en cours de construction Cette page sera prochainement disponible.Vous pouvez d\u00e8s maintenant r\u00e9server un premier \u00e9change. Prendre rendez-vous","og_url":"http:\/\/axencetalents.com\/?page_id=46","og_site_name":"Axence Talents","article_modified_time":"2026-03-23T12:52:53+00:00","twitter_card":"summary_large_image","twitter_misc":{"Dur\u00e9e de lecture estim\u00e9e":"1 minute"},"schema":{"@context":"https:\/\/schema.org","@graph":[{"@type":"WebPage","@id":"http:\/\/axencetalents.com\/?page_id=46","url":"http:\/\/axencetalents.com\/?page_id=46","name":"\u00c0 propos - Axence Talents","isPartOf":{"@id":"https:\/\/axencetalents.com\/#website"},"datePublished":"2026-03-23T12:32:38+00:00","dateModified":"2026-03-23T12:52:53+00:00","breadcrumb":{"@id":"http:\/\/axencetalents.com\/?page_id=46#breadcrumb"},"inLanguage":"fr-FR","potentialAction":[{"@type":"ReadAction","target":["http:\/\/axencetalents.com\/?page_id=46"]}]},{"@type":"BreadcrumbList","@id":"http:\/\/axencetalents.com\/?page_id=46#breadcrumb","itemListElement":[{"@type":"ListItem","position":1,"name":"Accueil","item":"https:\/\/axencetalents.com\/"},{"@type":"ListItem","position":2,"name":"\u00c0 propos"}]},{"@type":"WebSite","@id":"https:\/\/axencetalents.com\/#website","url":"https:\/\/axencetalents.com\/","name":"Axence Talents","description":"Recrutement et bilan de comp\u00e9tences \u00e0 Nantes, Le Loroux bottereau et \u00e0 distanciel","publisher":{"@id":"https:\/\/axencetalents.com\/#organization"},"potentialAction":[{"@type":"SearchAction","target":{"@type":"EntryPoint","urlTemplate":"https:\/\/axencetalents.com\/?s={search_term_string}"},"query-input":{"@type":"PropertyValueSpecification","valueRequired":true,"valueName":"search_term_string"}}],"inLanguage":"fr-FR"},{"@type":"Organization","@id":"https:\/\/axencetalents.com\/#organization","name":"Axence Talents","url":"https:\/\/axencetalents.com\/","logo":{"@type":"ImageObject","inLanguage":"fr-FR","@id":"https:\/\/axencetalents.com\/#\/schema\/logo\/image\/","url":"https:\/\/axencetalents.com\/wp-content\/uploads\/2026\/03\/cropped-Logo-miniature-Axence-Talents-fonds-blanc.png","contentUrl":"https:\/\/axencetalents.com\/wp-content\/uploads\/2026\/03\/cropped-Logo-miniature-Axence-Talents-fonds-blanc.png","width":512,"height":512,"caption":"Axence Talents"},"image":{"@id":"https:\/\/axencetalents.com\/#\/schema\/logo\/image\/"}}]}},"_links":{"self":[{"href":"https:\/\/axencetalents.com\/index.php?rest_route=\/wp\/v2\/pages\/46","targetHints":{"allow":["GET"]}}],"collection":[{"href":"https:\/\/axencetalents.com\/index.php?rest_route=\/wp\/v2\/pages"}],"about":[{"href":"https:\/\/axencetalents.com\/index.php?rest_route=\/wp\/v2\/types\/page"}],"author":[{"embeddable":true,"href":"https:\/\/axencetalents.com\/index.php?rest_route=\/wp\/v2\/users\/1"}],"replies":[{"embeddable":true,"href":"https:\/\/axencetalents.com\/index.php?rest_route=%2Fwp%2Fv2%2Fcomments&post=46"}],"version-history":[{"count":4,"href":"https:\/\/axencetalents.com\/index.php?rest_route=\/wp\/v2\/pages\/46\/revisions"}],"predecessor-version":[{"id":64,"href":"https:\/\/axencetalents.com\/index.php?rest_route=\/wp\/v2\/pages\/46\/revisions\/64"}],"wp:attachment":[{"href":"https:\/\/axencetalents.com\/index.php?rest_route=%2Fwp%2Fv2%2Fmedia&parent=46"}],"curies":[{"name":"wp","href":"https:\/\/api.w.org\/{rel}","templated":true}]}}